{"id":574,"date":"2023-08-02T22:47:47","date_gmt":"2023-08-02T22:47:47","guid":{"rendered":"https:\/\/marianbioenergie.ro\/?page_id=574"},"modified":"2023-08-03T14:28:10","modified_gmt":"2023-08-03T11:28:10","slug":"faq","status":"publish","type":"page","link":"https:\/\/marianbioenergie.ro\/?page_id=574","title":{"rendered":"Intrebari frecvente"},"content":{"rendered":"\t\t<div data-elementor-type=\"wp-page\" data-elementor-id=\"574\" class=\"elementor elementor-574\">\n\t\t\t\t\t\t\t\t\t<section class=\"elementor-section elementor-top-section elementor-element elementor-element-c413143 elementor-section-full_width elementor-section-height-default elementor-section-height-default\" data-id=\"c413143\" data-element_type=\"section\">\n\t\t\t\t\t\t<div class=\"elementor-container elementor-column-gap-no\">\n\t\t\t\t\t<div class=\"elementor-column elementor-col-100 elementor-top-column elementor-element elementor-element-be89dca\" data-id=\"be89dca\" data-element_type=\"column\">\n\t\t\t<div class=\"elementor-widget-wrap elementor-element-populated\">\n\t\t\t\t\t\t\t\t<section class=\"elementor-section elementor-inner-section elementor-element elementor-element-64788e3 elementor-section-full_width elementor-section-height-default elementor-section-height-default\" data-id=\"64788e3\" data-element_type=\"section\">\n\t\t\t\t\t\t<div class=\"elementor-container elementor-column-gap-no\">\n\t\t\t\t\t<div class=\"elementor-column elementor-col-100 elementor-inner-column elementor-element elementor-element-bd3908c\" data-id=\"bd3908c\" data-element_type=\"column\">\n\t\t\t<div class=\"elementor-widget-wrap elementor-element-populated\">\n\t\t\t\t\t\t\t\t<div class=\"elementor-element elementor-element-aed618e elementor-widget elementor-widget-heading\" data-id=\"aed618e\" data-element_type=\"widget\" data-widget_type=\"heading.default\">\n\t\t\t\t<div class=\"elementor-widget-container\">\n\t\t\t<style>\/*! elementor - v3.15.0 - 02-08-2023 *\/\n.elementor-heading-title{padding:0;margin:0;line-height:1}.elementor-widget-heading .elementor-heading-title[class*=elementor-size-]>a{color:inherit;font-size:inherit;line-height:inherit}.elementor-widget-heading .elementor-heading-title.elementor-size-small{font-size:15px}.elementor-widget-heading .elementor-heading-title.elementor-size-medium{font-size:19px}.elementor-widget-heading .elementor-heading-title.elementor-size-large{font-size:29px}.elementor-widget-heading .elementor-heading-title.elementor-size-xl{font-size:39px}.elementor-widget-heading .elementor-heading-title.elementor-size-xxl{font-size:59px}<\/style><h1 class=\"elementor-heading-title elementor-size-default\">Intrebari frecvente<\/h1>\t\t<\/div>\n\t\t\t\t<\/div>\n\t\t\t\t<div class=\"elementor-element elementor-element-3678a5f elementor-widget elementor-widget-heading\" data-id=\"3678a5f\" data-element_type=\"widget\" data-widget_type=\"heading.default\">\n\t\t\t\t<div class=\"elementor-widget-container\">\n\t\t\t<h5 class=\"elementor-heading-title elementor-size-default\"><p><strong>C\u00e2te \u015fedin\u0163e trebuie s\u0103 fac?<\/strong><\/p>\n<p>Num\u0103rul \u015fedin\u0163elor de bioenergie difer\u0103 de la persoan\u0103, la persoan\u0103, de la o afec\u021biune la alta. O serie complet\u0103 cuprinde 5-10 \u015fedin\u0163e de terapie cu bioenergie. Din acest motiv, se recomand\u0103 \u00een general ca \u00een urma unui program de terapie de 5-10 \u015fedin\u0163e, persoana s\u0103 a\u015ftepte \u00eenc\u0103 patru s\u0103pt\u0103m\u00e2ni \u00eenainte de a \u00eencepe sesiuni suplimentare, dac\u0103 este necesar.<\/p>\n<p>Periodic se pot face \u0219edin\u021be de terapie pentru o func\u021bionare optim\u0103 a organismului.<\/p>\n\n<p><strong>Cum \u0219i pentru ce este folosit\u0103 terapia cu bioenergie?<\/strong><\/p>\n<p>Multe persoane m\u0103 \u00eentreab\u0103 dac\u0103 folosind bioenergia pot sa prev\u0103d viitorul sau fapte ce s-au petrecut \u00een trecut: r\u0103spunsul este NU! Cu ajutorul bioenergiei pot s\u0103 fac un singur lucru \u0219i cel mai important: s\u0103 tratez bolile pacientului - lucru pentru care, de altfel, am convingerea c\u0103 am fost binecuv\u00e2ntat cu aceste calit\u0103\u021bi. De\u021bin \u0219i harul clarvederii, dar \u00eel folosesc strict pentru lucruri concrete.<\/p>\n<p>Unii oameni au impresia ca un bioenergoterapeut este un vr\u0103jitor sau se ocup\u0103 de lucruri necurate - opinie total eronat\u0103, izvor\u00e2t\u0103 probabil din ignoran\u021b\u0103 ori din lipsa unei document\u0103ri \u00een domeniu. Un bioenergoterapeut ac\u021bioneaz\u0103 cu credin\u021b\u0103 \u00een Dumnezeu \u0219i cu legile iubirii fa\u021b\u0103 de semeni, scopul ac\u021biunilor sale fiind exclusiv ajutorarea oamenilor prin reechilibrarea bioenergetica a acestora la nivel fizic, sufletesc \u0219i spiritual.<\/p>\n<p>\u00cen primul rand, bioenergia este un har de la Dumnezeu. Bioenergoterapeutul nu este dec\u00e2t un simplu instrument prin care Dumnezeu lucreaz\u0103 pe acest pamant.<\/p>\n<p>Bioenergoterapia reprezint\u0103 un proces bioenergo-informa\u021bional complex, care vizeaz\u0103 at\u00e2t s\u0103n\u0103tatea fizic\u0103, c\u00e2t \u0219i cea sufleteasc\u0103 \u0219i spiritual\u0103: este o emisie de energie \u00eendreptat\u0103 pe o anumit\u0103 frecven\u021b\u0103, cu dragoste, c\u0103tre cel suferind, cu scopul de a-I vindeca sau dup\u0103 caz, a-i atenua suferin\u021ba sau boala.<\/p>\n\n<p><strong>Ce simptome pot avea \u00een urma terapiei cu bioenergie?<\/strong><\/p>\n<p>Unele persoane manifest\u0103 o oarecare reticen\u021b\u0103 fa\u021b\u0103 de \u0219edin\u021bele de bioenergoterapie, explica\u021bia fiind aceea ca le este teama sa nu li se \u00eent\u00e2mple ceva r\u0103u - lucru total imposibil, \u00eentruc\u00e2t \u0219edin\u021bele de bioenergoterapie nu au efecte adverse \u0219i nu exist\u0103 nici o contraindica\u021bie \u00een ceea ce prive\u0219te acest tip de terapie.<\/p>\n<p>Nu m-am n\u0103scut cu aceste calit\u0103\u021bi ci le-am descoperit, intamplator, la varsta de 25 ani, c\u00e2nd am trecut prin ni\u0219te evenimente nepl\u0103cute, \u0219i am c\u0103utat r\u0103spuns la problemele mele. P\u00e2n\u0103 \u00een acel moment au existat manifest\u0103ri legate de aceste resurse, \u00eens\u0103 nici eu, nici familia nu le g\u0103seam o explica\u021bie, accesul la informa\u021bie fiind limitat \u00een acea perioad\u0103.Atunci nu \u0219tiam ce este, dar pe parcurs mi-am dat seama de calit\u0103\u021bile mele.<\/p>\n<p>\u00cen timp, am \u00eenceput sa \u00eemi controlez aceste energii \u0219i s\u0103 le folosesc \u00een scopul de a trata pacien\u021bi.<\/p>\n<p>Aceste calit\u0103\u021bi se pot \u0219i mo\u0219teni. To\u021bi avem bioenergie, doar c\u0103 \u00eentr-o m\u0103sur\u0103 diferit\u0103: sunt pu\u021bine persoane cu un nivel de energie care au puterea de a vindeca alte persoane. A face tratamente f\u0103r\u0103 a avea suficient\u0103 energie \u0219i cuno\u0219tin\u021be \u00een acest sens poate fi foarte periculos pentru terapeut.<\/p>\n<p>\u00cen general, cei \u00eenzestra\u021bi cu un nivel ridicat de bioenergie simt ca au ceva special.<\/p>\n\n<p><strong>Ce poate face un bioenergoterapeut \u0219i mai ales, ce nu poate? \u00cen ce afectiuni se poate interveni \u0219i \u00een care nu?<\/strong><\/p>\n<p>Un bioenergoterapeut poate s\u0103 descopere afec\u021biunile de care sufer\u0103 o persoan\u0103, unde exist\u0103 dezechilibre energetice \u0219i goluri de energie. Poate trata \u0219i \u00eenl\u0103tura aproape orice boal\u0103 provenit\u0103 din atacuri energetice: insomnia, somnul agitat, palpitatii puternice ale inimii, dureri de cap, st\u0103ri de grea\u021b\u0103, v\u0103rs\u0103turi, intoxica\u021bii cu metale grele, etc..<\/p>\n<p>Exist\u0103 unele boli, de pild\u0103 cancerul, care nu pot fi vindecate prin bioenergie. Bioenergia ajut\u0103 pacientul s\u0103 r\u0103spund\u0103 mai bine la chimioterapie, s\u0103 suporte mai u\u0219or efectele adverse ale acesteia (cum ar fi grea\u021ba, v\u0103rs\u0103turile, diareea), \u00eei fortifica sistemul imunitar \u0219i ajut\u0103 organismul s\u0103 lupte cu boala.<\/p>\n<p>Afectiunile la care nu se poate interveni sunt malforma\u021biile congenitale, paraliziile, unele boli dermatologice, unele boli care sunt cazuri chirurgicale provenite \u00een urma atacurilor energetice.<\/p>\n<p>Am avut mai multe paciente care nu puteau r\u0103m\u00e2ne \u00eens\u0103rcinate \u0219i care, \u00een urma \u0219edin\u021belor efectuate, au reu\u0219it s\u0103-\u0219i \u00eemplineasc\u0103 visul de a deveni mame.<\/p>\n\n<p><strong>\u00cen via\u021ba de zi cu zi, cu ce m\u0103 ajut\u0103 faptul c\u0103 am astfel de calit\u0103\u021bi? Exist\u0103 \u0219i dezavantaje?<\/strong><\/p>\n<p>Avantajele sunt legate de faptul c\u0103 aceste calit\u0103\u021bi m\u0103 ajut\u0103 s\u0103 simt tot timpul omul: dac\u0103 are probleme de s\u0103n\u0103tate, dac\u0103 are sufletul \u00eenc\u0103rcat, dac\u0103 are nevoie de sprijin, etc. \u00cen plus, ac\u021bioneaz\u0103 ca un far \u00een mediul social: m\u0103 ghideaz\u0103 spre prieteni adev\u0103ra\u021bi, pentru c\u0103, datorit\u0103 acestor resurse percep energiile \u0219i cur\u0103\u021benia sufletului celor cu care intru \u00een contact.<\/p>\n<p>\u00cen ceea ce prive\u0219te dezavantajele, v\u0103 m\u0103rturisesc c\u0103 acest cuv\u00e2nt nu se reg\u0103se\u0219te \u00een vocabularul meu - e o chestiune de percep\u021bie personal\u0103, binecuv\u00e2nt\u0103rile sunt un dar de la Dumnezeu!<\/p>\n\n<p><strong>Pot face \u0219i \u0219edin\u021be la distan\u021b\u0103? Cum se desf\u0103\u0219oar\u0103 acestea?<\/strong><\/p>\n<p>Da, pot face \u0219i tratamente la distan\u021ba: am nevoie de o poz\u0103 a pacientului, numele \u0219i trebuie s\u0103 \u0219tiu locul \u00een care se afla. Am mul\u021bi pacien\u021bi pe care \u00eei tratez de la distan\u021b\u0103, unii afla\u021bi chiar la mii de kilometri, \u00een America, Canada, Suedia, Italia, Fran\u021ba etc.<\/p>\n<p>\u00cen timpul \u0219edin\u021belor, pacien\u021bii mei simt \u00een corpul lor energia cu care ac\u021bionez pentru a le vindeca anumite st\u0103ri de disconfort \u0219i \u00eenl\u0103tur atacurile energetice trimise asupra lor de persoane r\u0103u inten\u021bionate.<\/p>\n\n<p><strong>Cui m\u0103 adresez, cine sunt pacien\u021bii mei?<\/strong><\/p>\n<p>Terapia cu bioenergie reprezint\u0103 o metoda de tratament f\u0103r\u0103 contraindica\u021bii, la care pot apela oameni din toate categoriile de v\u00e2rst\u0103, copii, adolescen\u021bi, femei \u00eens\u0103rcinate, pentru ca micutii lor s\u0103 vin\u0103 pe lume f\u0103r\u0103 probleme de s\u0103n\u0103tate, dar \u0219i persoanele trecute de a doua tinere\u021be. Prin bioenergie am tratat chiar \u0219i animale (c\u00e2ini \u0219i pisici).<\/p>\n\n<p><strong>C\u00e2t timp dureaz\u0103 \u0219edin\u021bele de bioenergoterapie, ce se \u00eent\u00e2mpl\u0103 cu tratamentul medicamentos?<\/strong><\/p>\n<p>O \u0219edin\u021b\u0103 de bioenergie dureaz\u0103 aproximativ 30 minute, sau \u00een func\u021bie de complexitatea cazului. Evident ca tratamentul medicamentos poate continua f\u0103r\u0103 probleme \u00een paralel cu cel complementar.<\/p>\n\n<p><strong>Pot da cateva sfaturi cititorilor mei, prin care s\u0103-\u0219i creasc\u0103 starea de bine?<\/strong><\/p>\n<p>Sa fie buni \u0219i iubitori cu ei \u00een\u0219i\u0219i \u0219i cu cei din jur. S\u0103 priveasc\u0103 cerul, sa umble descul\u021bi pe iarb\u0103, s\u0103 vad\u0103 frumuse\u021bea din jurul lor \u0219i s\u0103 se opreasc\u0103 din tumultul vie\u021bii cotidiene m\u0103car o clip\u0103 pentru \"a sim\u021bi\"!<\/p>\n<p>S\u0103 ierte \u0219i s\u0103 d\u0103ruiasc\u0103 u\u0219urarea iert\u0103rii. S\u0103 iubeasc\u0103 \u0219i s\u0103 se lase iubi\u021bi!<\/p>\n<\/h5>\t\t<\/div>\n\t\t\t\t<\/div>\n\t\t\t\t\t<\/div>\n\t\t<\/div>\n\t\t\t\t\t\t\t<\/div>\n\t\t<\/section>\n\t\t\t\t<div class=\"elementor-element elementor-element-c7033db elementor-mobile-align-center elementor-align-center elementor-widget elementor-widget-button\" data-id=\"c7033db\" data-element_type=\"widget\" data-widget_type=\"button.default\">\n\t\t\t\t<div class=\"elementor-widget-container\">\n\t\t\t\t\t<div class=\"elementor-button-wrapper\">\n\t\t\t<a class=\"elementor-button elementor-button-link elementor-size-sm\" href=\"https:\/\/marianbioenergie.ro\/?page_id=15\">\n\t\t\t\t\t\t<span class=\"elementor-button-content-wrapper\">\n\t\t\t\t\t\t<span class=\"elementor-button-text\">Contacteaza-ma<\/span>\n\t\t<\/span>\n\t\t\t\t\t<\/a>\n\t\t<\/div>\n\t\t\t\t<\/div>\n\t\t\t\t<\/div>\n\t\t\t\t\t<\/div>\n\t\t<\/div>\n\t\t\t\t\t\t\t<\/div>\n\t\t<\/section>\n\t\t\t\t\t\t\t<\/div>\n\t\t","protected":false},"excerpt":{"rendered":"<p>Intrebari frecvente C\u00e2te \u015fedin\u0163e trebuie s\u0103 fac? Num\u0103rul \u015fedin\u0163elor de bioenergie difer\u0103 de la persoan\u0103, la persoan\u0103, de la o afec\u021biune la alta. O serie complet\u0103 cuprinde 5-10 \u015fedin\u0163e de terapie cu bioenergie. Din acest motiv, se recomand\u0103 \u00een general ca \u00een urma unui program de terapie de 5-10 \u015fedin\u0163e, persoana s\u0103 a\u015ftepte \u00eenc\u0103 patru &hellip;<\/p>\n<p class=\"read-more\"> <a class=\"\" href=\"https:\/\/marianbioenergie.ro\/?page_id=574\"> <span class=\"screen-reader-text\">Intrebari frecvente<\/span> Read More &raquo;<\/a><\/p>\n","protected":false},"author":1,"featured_media":0,"parent":0,"menu_order":0,"comment_status":"closed","ping_status":"closed","template":"","meta":{"site-sidebar-layout":"no-sidebar","site-content-layout":"page-builder","ast-global-header-display":"","ast-banner-title-visibility":"","ast-main-header-display":"","ast-hfb-above-header-display":"","ast-hfb-below-header-display":"","ast-hfb-mobile-header-display":"","site-post-title":"disabled","ast-breadcrumbs-content":"","ast-featured-img":"disabled","footer-sml-layout":"","theme-transparent-header-meta":"enabled","adv-header-id-meta":"","stick-header-meta":"","header-above-stick-meta":"","header-main-stick-meta":"","header-below-stick-meta":"","footnotes":""},"class_list":["post-574","page","type-page","status-publish","hentry"],"_links":{"self":[{"href":"https:\/\/marianbioenergie.ro\/index.php?rest_route=\/wp\/v2\/pages\/574","targetHints":{"allow":["GET"]}}],"collection":[{"href":"https:\/\/marianbioenergie.ro\/index.php?rest_route=\/wp\/v2\/pages"}],"about":[{"href":"https:\/\/marianbioenergie.ro\/index.php?rest_route=\/wp\/v2\/types\/page"}],"author":[{"embeddable":true,"href":"https:\/\/marianbioenergie.ro\/index.php?rest_route=\/wp\/v2\/users\/1"}],"replies":[{"embeddable":true,"href":"https:\/\/marianbioenergie.ro\/index.php?rest_route=%2Fwp%2Fv2%2Fcomments&post=574"}],"version-history":[{"count":17,"href":"https:\/\/marianbioenergie.ro\/index.php?rest_route=\/wp\/v2\/pages\/574\/revisions"}],"predecessor-version":[{"id":676,"href":"https:\/\/marianbioenergie.ro\/index.php?rest_route=\/wp\/v2\/pages\/574\/revisions\/676"}],"wp:attachment":[{"href":"https:\/\/marianbioenergie.ro\/index.php?rest_route=%2Fwp%2Fv2%2Fmedia&parent=574"}],"curies":[{"name":"wp","href":"https:\/\/api.w.org\/{rel}","templated":true}]}}