{"id":535,"date":"2023-03-08T11:18:06","date_gmt":"2023-03-08T11:18:06","guid":{"rendered":"https:\/\/marianbioenergie.ro\/?page_id=535"},"modified":"2023-08-03T14:29:47","modified_gmt":"2023-08-03T11:29:47","slug":"despre-mine","status":"publish","type":"page","link":"https:\/\/marianbioenergie.ro\/?page_id=535","title":{"rendered":"Despre mine"},"content":{"rendered":"\t\t<div data-elementor-type=\"wp-page\" data-elementor-id=\"535\" class=\"elementor elementor-535\">\n\t\t\t\t\t\t\t\t\t<section class=\"elementor-section elementor-top-section elementor-element elementor-element-c413143 elementor-section-full_width elementor-section-height-default elementor-section-height-default\" data-id=\"c413143\" data-element_type=\"section\">\n\t\t\t\t\t\t<div class=\"elementor-container elementor-column-gap-no\">\n\t\t\t\t\t<div class=\"elementor-column elementor-col-100 elementor-top-column elementor-element elementor-element-be89dca\" data-id=\"be89dca\" data-element_type=\"column\">\n\t\t\t<div class=\"elementor-widget-wrap elementor-element-populated\">\n\t\t\t\t\t\t\t\t<section class=\"elementor-section elementor-inner-section elementor-element elementor-element-64788e3 elementor-section-full_width elementor-section-height-default elementor-section-height-default\" data-id=\"64788e3\" data-element_type=\"section\">\n\t\t\t\t\t\t<div class=\"elementor-container elementor-column-gap-no\">\n\t\t\t\t\t<div class=\"elementor-column elementor-col-100 elementor-inner-column elementor-element elementor-element-bd3908c\" data-id=\"bd3908c\" data-element_type=\"column\">\n\t\t\t<div class=\"elementor-widget-wrap elementor-element-populated\">\n\t\t\t\t\t\t\t\t<div class=\"elementor-element elementor-element-aed618e elementor-widget elementor-widget-heading\" data-id=\"aed618e\" data-element_type=\"widget\" data-widget_type=\"heading.default\">\n\t\t\t\t<div class=\"elementor-widget-container\">\n\t\t\t<style>\/*! elementor - v3.15.0 - 02-08-2023 *\/\n.elementor-heading-title{padding:0;margin:0;line-height:1}.elementor-widget-heading .elementor-heading-title[class*=elementor-size-]>a{color:inherit;font-size:inherit;line-height:inherit}.elementor-widget-heading .elementor-heading-title.elementor-size-small{font-size:15px}.elementor-widget-heading .elementor-heading-title.elementor-size-medium{font-size:19px}.elementor-widget-heading .elementor-heading-title.elementor-size-large{font-size:29px}.elementor-widget-heading .elementor-heading-title.elementor-size-xl{font-size:39px}.elementor-widget-heading .elementor-heading-title.elementor-size-xxl{font-size:59px}<\/style><h1 class=\"elementor-heading-title elementor-size-default\">Despre Mine<\/h1>\t\t<\/div>\n\t\t\t\t<\/div>\n\t\t\t\t<div class=\"elementor-element elementor-element-3678a5f elementor-widget elementor-widget-heading\" data-id=\"3678a5f\" data-element_type=\"widget\" data-widget_type=\"heading.default\">\n\t\t\t\t<div class=\"elementor-widget-container\">\n\t\t\t<h5 class=\"elementor-heading-title elementor-size-default\"><p>\n  Bine ai venit pe site-ul meu, o pagin\u0103 menit\u0103 s\u0103 ajute oameni interesa\u021bi de vindecarea lor energetic\u0103 \u0219i spiritual\u0103.\n<\/p>\n\n<p>\n  Numele meu este Marian Gheorghe \u0219i m-am n\u0103scut \u00een R\u00e2mnicu V\u00e2lcea. Datorit\u0103 unor probleme avute \u00een trecut de natur\u0103 spiritual\u0103 \u0219i neput\u00e2ndu-mi explica anumite st\u0103ri at\u00e2t fizice c\u00e2t \u0219i psihice \u00een care m\u0103 aflam, am \u00eenceput s\u0103 caut explica\u021bii pentru a m\u0103 elucida. Am apelat la ajutorul bisericii, medicilor \u0219i dup\u0103 multe c\u0103ut\u0103ri l-am \u00eent\u00e2lnit pe mentorul meu Victor Matanie care m-a ajutat s\u0103 imi rezolv acele probleme \u0219i s\u0103 realizez puterea \u0219i darul cu care am fost \u00eenzestrat.\n<\/p>\n\n<p>\n  Tehnica pe care o aplic pentru cur\u0103\u021barea energetic\u0103 \u0219i dezlegarea de energii negative, este o metod\u0103 foarte veche pe care am dob\u00e2ndit-o lucr\u00e2nd al\u0103turi de mentorul meu Victor Matanie timp de 4 ani de zile.\n<\/p>\n\n<p>\n  Dup\u0103 mul\u021bi ani de practic\u0103, cea mai mare apreciere a venit din partea pacien\u021bilor mei, care au fost foarte mul\u021bumi\u021bi de efectele produse de terapiile propuse \u0219i de rezultatele observate la final.\n<\/p>\n\n<p>\n  Cele mai frecvente cazuri pentru care am fost solicitat sunt: probleme de anxietate, depresie, tulbur\u0103ri afective, insomnii, eliminarea blocajelor \u0219i a obstacolelor prin care trec diferite persoane, \u00eenl\u0103turarea energiilor negative din corpul \u0219i din casa lor, dezlegarea de blestemele genera\u021biilor anterioare \u0219i multe altele.\n<\/p>\n\n<p>\n  Mul\u021bi dintre pacien\u021bii mei m\u0103 consult\u0103 \u0219i \u00een privin\u021be precum:\n<\/p>\n\n<ul style=\"text-align: left;\">\n  <li>Consiliere spiritual\u0103<\/li>\n  <li>Cur\u0103\u021barea \u0219i dezlegarea de energii negative care atac\u0103 aura, spiritul sau corpul<\/li>\n  <li>Intoxica\u021bii cu metale grele cum ar fi plumb sau mercur<\/li>\n  <li>Cur\u0103\u021barea energetic\u0103 a persoanelor cu probleme aflate \u00een \u021b\u0103ri str\u0103ine sau la distan\u021b\u0103<\/li>\n  <li>Cur\u0103\u021bare de atacuri PSI<\/li>\n  <li>Purificarea de energii negative a sediilor \u0219i a locuin\u021belor, acest lucru duc\u00e2nd la sporirea abunden\u021bei, bun\u0103st\u0103rii \u0219i a armoniei din spa\u021biile unde se afl\u0103<\/li>\n<\/ul>\n\n<p>\n  A\u0219adar, dac\u0103 ai o problem\u0103 de s\u0103n\u0103tate, suferi de anxietate, depresie, tulbur\u0103ri afective, insomnii, crezi c\u0103 cineva te-a atacat energetic sau de mult timp sim\u021bi c\u0103 lucrurile nu merg cum trebuie \u00een via\u021ba ta, apeleaz\u0103 cu \u00eencredere \u0219i f\u0103-\u021bi o programare pentru un consult, unde vom stabili de comun acord pa\u0219ii care trebuiesc urma\u021bi pentru rezolvarea problemelor tale.\n<\/p>\n\n<p>\n  Cu c\u00e2t a\u0219tep\u021bi mai mult ca simptomele tale s\u0103 treac\u0103, cu at\u00e2t ele se vor amplifica mai tare iar dac\u0103 metodele tradi\u021bionale nu au func\u021bionat, cu siguran\u021b\u0103 vei sim\u021bi \u00eembun\u0103t\u0103\u021biri dup\u0103 prima \u0219edin\u021b\u0103 de terapie. Bioenergia \u00eenseamn\u0103 cunoa\u0219tere iar vindecarea dep\u0103\u0219e\u0219te barierele \"medicinei\" moderne.\n<\/p>\n<\/h5>\t\t<\/div>\n\t\t\t\t<\/div>\n\t\t\t\t<div class=\"elementor-element elementor-element-9698173 elementor-widget elementor-widget-image\" data-id=\"9698173\" data-element_type=\"widget\" data-widget_type=\"image.default\">\n\t\t\t\t<div class=\"elementor-widget-container\">\n\t\t\t<style>\/*! elementor - v3.15.0 - 02-08-2023 *\/\n.elementor-widget-image{text-align:center}.elementor-widget-image a{display:inline-block}.elementor-widget-image a img[src$=\".svg\"]{width:48px}.elementor-widget-image img{vertical-align:middle;display:inline-block}<\/style>\t\t\t\t\t\t\t\t\t\t\t\t<img loading=\"lazy\" decoding=\"async\" width=\"1024\" height=\"498\" src=\"https:\/\/marianbioenergie.ro\/wp-content\/uploads\/2023\/08\/WhatsApp-Image-2023-07-19-at-09.58.26-1024x498.jpeg\" class=\"attachment-large size-large wp-image-623\" alt=\"\" srcset=\"https:\/\/marianbioenergie.ro\/wp-content\/uploads\/2023\/08\/WhatsApp-Image-2023-07-19-at-09.58.26-1024x498.jpeg 1024w, https:\/\/marianbioenergie.ro\/wp-content\/uploads\/2023\/08\/WhatsApp-Image-2023-07-19-at-09.58.26-300x146.jpeg 300w, https:\/\/marianbioenergie.ro\/wp-content\/uploads\/2023\/08\/WhatsApp-Image-2023-07-19-at-09.58.26-768x373.jpeg 768w, https:\/\/marianbioenergie.ro\/wp-content\/uploads\/2023\/08\/WhatsApp-Image-2023-07-19-at-09.58.26-1536x747.jpeg 1536w, https:\/\/marianbioenergie.ro\/wp-content\/uploads\/2023\/08\/WhatsApp-Image-2023-07-19-at-09.58.26.jpeg 2016w\" sizes=\"auto, (max-width: 1024px) 100vw, 1024px\" \/>\t\t\t\t\t\t\t\t\t\t\t\t\t\t\t<\/div>\n\t\t\t\t<\/div>\n\t\t\t\t\t<\/div>\n\t\t<\/div>\n\t\t\t\t\t\t\t<\/div>\n\t\t<\/section>\n\t\t\t\t<div class=\"elementor-element elementor-element-c7033db elementor-mobile-align-center elementor-align-center elementor-widget elementor-widget-button\" data-id=\"c7033db\" data-element_type=\"widget\" data-widget_type=\"button.default\">\n\t\t\t\t<div class=\"elementor-widget-container\">\n\t\t\t\t\t<div class=\"elementor-button-wrapper\">\n\t\t\t<a class=\"elementor-button elementor-button-link elementor-size-sm\" href=\"https:\/\/marianbioenergie.ro\/?page_id=15\">\n\t\t\t\t\t\t<span class=\"elementor-button-content-wrapper\">\n\t\t\t\t\t\t<span class=\"elementor-button-text\">Contacteaza-ma<\/span>\n\t\t<\/span>\n\t\t\t\t\t<\/a>\n\t\t<\/div>\n\t\t\t\t<\/div>\n\t\t\t\t<\/div>\n\t\t\t\t\t<\/div>\n\t\t<\/div>\n\t\t\t\t\t\t\t<\/div>\n\t\t<\/section>\n\t\t\t\t\t\t\t<\/div>\n\t\t","protected":false},"excerpt":{"rendered":"<p>Despre Mine Bine ai venit pe site-ul meu, o pagin\u0103 menit\u0103 s\u0103 ajute oameni interesa\u021bi de vindecarea lor energetic\u0103 \u0219i spiritual\u0103. Numele meu este Marian Gheorghe \u0219i m-am n\u0103scut \u00een R\u00e2mnicu V\u00e2lcea. Datorit\u0103 unor probleme avute \u00een trecut de natur\u0103 spiritual\u0103 \u0219i neput\u00e2ndu-mi explica anumite st\u0103ri at\u00e2t fizice c\u00e2t \u0219i psihice \u00een care m\u0103 aflam, &hellip;<\/p>\n<p class=\"read-more\"> <a class=\"\" href=\"https:\/\/marianbioenergie.ro\/?page_id=535\"> <span class=\"screen-reader-text\">Despre mine<\/span> Read More &raquo;<\/a><\/p>\n","protected":false},"author":1,"featured_media":0,"parent":0,"menu_order":0,"comment_status":"closed","ping_status":"closed","template":"","meta":{"site-sidebar-layout":"no-sidebar","site-content-layout":"page-builder","ast-global-header-display":"","ast-banner-title-visibility":"","ast-main-header-display":"","ast-hfb-above-header-display":"","ast-hfb-below-header-display":"","ast-hfb-mobile-header-display":"","site-post-title":"disabled","ast-breadcrumbs-content":"","ast-featured-img":"disabled","footer-sml-layout":"","theme-transparent-header-meta":"enabled","adv-header-id-meta":"","stick-header-meta":"","header-above-stick-meta":"","header-main-stick-meta":"","header-below-stick-meta":"","footnotes":""},"class_list":["post-535","page","type-page","status-publish","hentry"],"_links":{"self":[{"href":"https:\/\/marianbioenergie.ro\/index.php?rest_route=\/wp\/v2\/pages\/535","targetHints":{"allow":["GET"]}}],"collection":[{"href":"https:\/\/marianbioenergie.ro\/index.php?rest_route=\/wp\/v2\/pages"}],"about":[{"href":"https:\/\/marianbioenergie.ro\/index.php?rest_route=\/wp\/v2\/types\/page"}],"author":[{"embeddable":true,"href":"https:\/\/marianbioenergie.ro\/index.php?rest_route=\/wp\/v2\/users\/1"}],"replies":[{"embeddable":true,"href":"https:\/\/marianbioenergie.ro\/index.php?rest_route=%2Fwp%2Fv2%2Fcomments&post=535"}],"version-history":[{"count":38,"href":"https:\/\/marianbioenergie.ro\/index.php?rest_route=\/wp\/v2\/pages\/535\/revisions"}],"predecessor-version":[{"id":679,"href":"https:\/\/marianbioenergie.ro\/index.php?rest_route=\/wp\/v2\/pages\/535\/revisions\/679"}],"wp:attachment":[{"href":"https:\/\/marianbioenergie.ro\/index.php?rest_route=%2Fwp%2Fv2%2Fmedia&parent=535"}],"curies":[{"name":"wp","href":"https:\/\/api.w.org\/{rel}","templated":true}]}}